{"id":1514,"date":"2017-11-11T15:07:09","date_gmt":"2017-11-11T14:07:09","guid":{"rendered":"https:\/\/www.luxusbeautyline.de\/academy\/?page_id=1514"},"modified":"2025-04-07T14:51:39","modified_gmt":"2025-04-07T12:51:39","slug":"ueber-mich","status":"publish","type":"page","link":"https:\/\/www.luxusbeautyline.de\/academy\/ueber-mich\/","title":{"rendered":"\u00dcber mich"},"content":{"rendered":"<p><div class=\"fusion-fullwidth fullwidth-box fusion-builder-row-1 fusion-flex-container nonhundred-percent-fullwidth non-hundred-percent-height-scrolling\" style=\"background-color: #25292b;background-position: center center;background-repeat: no-repeat;border-width: 0px 0px 0px 0px;border-color:#25292b;border-style:solid;\" ><div class=\"fusion-builder-row fusion-row fusion-flex-align-items-flex-start\" style=\"max-width:1216.8px;margin-left: calc(-4% \/ 2 );margin-right: calc(-4% \/ 2 );\"><div class=\"fusion-layout-column fusion_builder_column fusion-builder-column-0 fusion_builder_column_1_3 1_3 fusion-flex-column\"><div class=\"fusion-column-wrapper fusion-flex-justify-content-flex-start fusion-content-layout-column\" style=\"background-position:left top;background-repeat:no-repeat;-webkit-background-size:cover;-moz-background-size:cover;-o-background-size:cover;background-size:cover;padding: 0px 0px 0px 0px;\"><div ><span class=\" fusion-imageframe imageframe-none imageframe-1 hover-type-none\"><img decoding=\"async\" width=\"1134\" height=\"1486\" title=\"Oxana_PMU\" src=\"https:\/\/www.luxusbeautyline.de\/academy\/wp-content\/uploads\/sites\/2\/2025\/04\/Oxana_PMU.png\" class=\"img-responsive wp-image-2158\" srcset=\"https:\/\/www.luxusbeautyline.de\/academy\/wp-content\/uploads\/sites\/2\/2025\/04\/Oxana_PMU-200x262.png 200w, https:\/\/www.luxusbeautyline.de\/academy\/wp-content\/uploads\/sites\/2\/2025\/04\/Oxana_PMU-400x524.png 400w, https:\/\/www.luxusbeautyline.de\/academy\/wp-content\/uploads\/sites\/2\/2025\/04\/Oxana_PMU-600x786.png 600w, https:\/\/www.luxusbeautyline.de\/academy\/wp-content\/uploads\/sites\/2\/2025\/04\/Oxana_PMU-800x1048.png 800w, https:\/\/www.luxusbeautyline.de\/academy\/wp-content\/uploads\/sites\/2\/2025\/04\/Oxana_PMU.png 1134w\" sizes=\"(max-width: 1024px) 100vw, (max-width: 640px) 100vw, 400px\" \/><\/span><\/div><\/div><style type=\"text\/css\">.fusion-body .fusion-builder-column-0{width:33.333333333333% !important;margin-top : 0px;margin-bottom : 20px;}.fusion-builder-column-0 > .fusion-column-wrapper {padding-top : 0px !important;padding-right : 0px !important;margin-right : 5.76%;padding-bottom : 0px !important;padding-left : 0px !important;margin-left : 5.76%;}@media only screen and (max-width:1024px) {.fusion-body .fusion-builder-column-0{width:100% !important;order : 0;}.fusion-builder-column-0 > .fusion-column-wrapper {margin-right : 1.92%;margin-left : 1.92%;}}@media only screen and (max-width:640px) {.fusion-body .fusion-builder-column-0{width:100% !important;order : 0;}.fusion-builder-column-0 > .fusion-column-wrapper {margin-right : 1.92%;margin-left : 1.92%;}}<\/style><\/div><div class=\"fusion-layout-column fusion_builder_column fusion-builder-column-1 fusion_builder_column_2_3 2_3 fusion-flex-column\"><div class=\"fusion-column-wrapper fusion-flex-justify-content-flex-start fusion-content-layout-column\" style=\"background-position:left top;background-repeat:no-repeat;-webkit-background-size:cover;-moz-background-size:cover;-o-background-size:cover;background-size:cover;padding: 0px 0px 0px 0px;\"><div class=\"fusion-text fusion-text-1\"><h2>\nOxana Dillmann<\/h2>\n<p><strong>Sch\u00f6n, dass Sie mich gefunden haben!<\/strong><\/p>\n<p>Ich bin Oxana Dillmann, komme geb\u00fcrtig aus Russland und lebe seit 1995 in Deutschland.<\/p>\n<p>Hier entdeckte ich in fr\u00fchen Jahren meine Leidenschaft f\u00fcr Sch\u00f6nheit und \u00c4sthetik.<\/p>\n<p>2009 wagte ich mich in die Selbst\u00e4ndigkeit und 2012 entschloss ich mich das filigrane Handwerk des Permanent Make-ups zu erlernen. Die Faszination dieses Berufes weckte in mir die ungeahnte Sucht mich in dieser Kunst st\u00e4ndig fortzubilden.<\/p>\n<p>Fortan reiste ich f\u00fcr zahlreiche Weiterbildungen rund um das PMU-Handwerk mit all seinen Facetten und zugeh\u00f6rigen Themen ehrgeizbesessen um die Welt.<\/p>\n<p>Es folgten zahlreiche Einladungen zu Weltkongressen in denen ich als Speaker, als Jurymitglied oder als Sponsor auftrat.<\/p>\n<p>So kam es, dass ich viele L\u00e4nder bereiste, in denen ich zahlreiche Erfahrungen sammeln konnte und die Vielfalt der neuesten PMU-Techniken kennen lernen durfte.<\/p>\n<p>\u00dcber 120 Zertifikate, Auszeichnungen und Pokale zeugen heute von diesen Erlebnissen.<\/p>\n<p>Heute kann ich mit Stolz mitteilen, dass ich in Zusammenarbeit mit meinen Trainern in meinem Institut in Bad Honnef seit 2014 \u00fcber 1200 Sch\u00fclerinnen und Sch\u00fcler in zahlreichen Techniken des PMU, in Plasma Pen-Anwendungen und diversen kosmetikrelevanten Themen ausgebildet habe.<\/p>\n<p>Die zunehmende Anfrage nach flexiblen Online Schulungen hat mich nun dazu bewogen mein Wissen und K\u00f6nnen, mit allen Tipps und Tricks, Ihnen als Fernschulung im Onlinemodus anzubieten.<\/p>\n<p>Erlernen Sie bequem von zu Hause in einem von Ihnen bestimmten Tempo und Intensit\u00e4t die Feinheiten des lukrativen Berufes des Permanent Make-ups.<\/p>\n<p>In meinen Online-Kursen lernen Sie mich und mein Handwerk im Detail kennen. Ich werde Ihnen meine Techniken ausf\u00fchrlich erkl\u00e4ren, damit Sie ein sicheres Gef\u00fchl f\u00fcr die Formen, die Symmetrie, f\u00fcr das Ger\u00e4t und f\u00fcr das Pigmentieren entwickeln.<\/p>\n<p>\u00dcber die Teilnahme der Online Schulung erhalten Sie ein entsprechendes Zertifikat.<\/p>\n<p>Nach der Absolvierung der Online Schulung in Theorie und Praxis bieten wir die Option der Buchung \u201eBetreutes Arbeiten an Modellen\u201c in unserem Institut in Bad Honnef oder bei unseren kooperierenden Trainern.<\/p>\n<p>Wozu warten? Buchen Sie noch heute Ihren Online-Kurs und starten Sie direkt Ihre Kariere als Permanent Make-up Artist in der wundervollen Welt der \u00c4sthetik und der Sch\u00f6nheit.<\/p>\n<p>&nbsp;<\/p>\n<p>Ich freue mich auf Sie!<\/p>\n<p>&nbsp;<\/p>\n<\/div><\/div><style type=\"text\/css\">.fusion-body .fusion-builder-column-1{width:66.666666666667% !important;margin-top : 0px;margin-bottom : 20px;}.fusion-builder-column-1 > .fusion-column-wrapper {padding-top : 0px !important;padding-right : 0px !important;margin-right : 2.88%;padding-bottom : 0px !important;padding-left : 0px !important;margin-left : 2.88%;}@media only screen and (max-width:1024px) {.fusion-body .fusion-builder-column-1{width:100% !important;order : 0;}.fusion-builder-column-1 > .fusion-column-wrapper {margin-right : 1.92%;margin-left : 1.92%;}}@media only screen and (max-width:640px) {.fusion-body .fusion-builder-column-1{width:100% !important;order : 0;}.fusion-builder-column-1 > .fusion-column-wrapper {margin-right : 1.92%;margin-left : 1.92%;}}<\/style><\/div><\/div><style type=\"text\/css\">.fusion-body .fusion-flex-container.fusion-builder-row-1{ padding-top : 0px;margin-top : 0px;padding-right : 0px;padding-bottom : 0px;margin-bottom : 0px;padding-left : 0px;}<\/style><\/div><div class=\"fusion-fullwidth fullwidth-box fusion-builder-row-2 hundred-percent-fullwidth non-hundred-percent-height-scrolling\" style=\"background-color: #1e2123;background-position: center center;background-repeat: no-repeat;padding-top:0px;padding-right:0px;padding-bottom:0px;padding-left:0px;margin-bottom: 0px;margin-top: 0px;border-width: 0px 0px 0px 0px;border-color:#25292b;border-style:solid;\" ><div class=\"fusion-builder-row fusion-row\"><div class=\"fusion-layout-column fusion_builder_column fusion-builder-column-2 fusion_builder_column_1_1 1_1 fusion-one-full fusion-column-first fusion-column-last fusion-column-no-min-height\" style=\"margin-top:0px;margin-bottom:20px;\"><div class=\"fusion-column-wrapper fusion-flex-column-wrapper-legacy\" style=\"background-position:left top;background-repeat:no-repeat;-webkit-background-size:cover;-moz-background-size:cover;-o-background-size:cover;background-size:cover;padding: 0px 0px 0px 0px;\"><div class=\"fusion-section-separator section-separator triangle fusion-section-separator-1\"><div class=\"fusion-section-separator-svg\" style=\"border-bottom:0px solid #25292b;margin-left: 0px;margin-right: 0px;\"><div class=\"divider-candy-arrow bottom\" style=\"top:0px;border-top-color: #25292b;\"><\/div><div class=\"divider-candy bottom\" style=\"bottom:-20px;border-bottom:1px solid #25292b;border-left:1px solid #25292b;\"><\/div><\/div><div class=\"fusion-section-separator-spacer\"><div class=\"fusion-section-separator-spacer-height\" style=\"height:0px;\"><\/div><\/div><\/div><div class=\"fusion-clearfix\"><\/div><\/div><\/div><\/div><\/div><div class=\"fusion-fullwidth fullwidth-box fusion-builder-row-3 nonhundred-percent-fullwidth non-hundred-percent-height-scrolling\" style=\"background-color: #1e2123;background-position: center center;background-repeat: no-repeat;padding-top:80px;padding-right:0px;padding-bottom:80px;padding-left:0px;margin-bottom: 0px;margin-top: 0px;border-width: 0px 0px 0px 0px;border-color:#25292b;border-style:solid;\" ><div class=\"fusion-builder-row fusion-row\"><div class=\"fusion-layout-column fusion_builder_column fusion-builder-column-3 fusion_builder_column_1_1 1_1 fusion-one-full fusion-column-first fusion-column-last\" style=\"margin-top:0px;margin-bottom:20px;\"><div class=\"fusion-column-wrapper fusion-flex-column-wrapper-legacy\" style=\"background-position:left top;background-repeat:no-repeat;-webkit-background-size:cover;-moz-background-size:cover;-o-background-size:cover;background-size:cover;padding: 0px 0px 0px 0px;\"><div class=\"fusion-clearfix\"><\/div><\/div><\/div><\/div><\/div><\/p>\n","protected":false},"excerpt":{"rendered":"","protected":false},"author":1,"featured_media":0,"parent":0,"menu_order":0,"comment_status":"closed","ping_status":"closed","template":"100-width.php","meta":{"footnotes":""},"class_list":["post-1514","page","type-page","status-publish","hentry"],"_links":{"self":[{"href":"https:\/\/www.luxusbeautyline.de\/academy\/wp-json\/wp\/v2\/pages\/1514","targetHints":{"allow":["GET"]}}],"collection":[{"href":"https:\/\/www.luxusbeautyline.de\/academy\/wp-json\/wp\/v2\/pages"}],"about":[{"href":"https:\/\/www.luxusbeautyline.de\/academy\/wp-json\/wp\/v2\/types\/page"}],"author":[{"embeddable":true,"href":"https:\/\/www.luxusbeautyline.de\/academy\/wp-json\/wp\/v2\/users\/1"}],"replies":[{"embeddable":true,"href":"https:\/\/www.luxusbeautyline.de\/academy\/wp-json\/wp\/v2\/comments?post=1514"}],"version-history":[{"count":19,"href":"https:\/\/www.luxusbeautyline.de\/academy\/wp-json\/wp\/v2\/pages\/1514\/revisions"}],"predecessor-version":[{"id":2161,"href":"https:\/\/www.luxusbeautyline.de\/academy\/wp-json\/wp\/v2\/pages\/1514\/revisions\/2161"}],"wp:attachment":[{"href":"https:\/\/www.luxusbeautyline.de\/academy\/wp-json\/wp\/v2\/media?parent=1514"}],"curies":[{"name":"wp","href":"https:\/\/api.w.org\/{rel}","templated":true}]}}