{"id":1432,"date":"2015-07-02T07:06:23","date_gmt":"2015-07-02T07:06:23","guid":{"rendered":"http:\/\/109708.webhosting40.1blu.de\/luxusbeautyline_v3\/wordpress\/behandlungen\/?page_id=1432"},"modified":"2025-06-17T15:58:15","modified_gmt":"2025-06-17T13:58:15","slug":"lippen","status":"publish","type":"page","link":"https:\/\/www.luxusbeautyline.de\/behandlungen\/permament_make-up\/lippen\/","title":{"rendered":"Lippen"},"content":{"rendered":"<div class=\"fusion-fullwidth fullwidth-box fusion-builder-row-1 nonhundred-percent-fullwidth non-hundred-percent-height-scrolling\" style=\"background-color: rgba(255,255,255,0);background-position: left top;background-repeat: no-repeat;padding-top:0px;padding-right:0px;padding-bottom:95px;padding-left:0px;margin-bottom: 0px;margin-top: 0px;border-width: 0px 0px 0px 0px;border-color:#eae9e9;border-style:solid;\" ><div class=\"fusion-builder-row fusion-row\"><div class=\"fusion-layout-column fusion_builder_column fusion-builder-column-0 fusion_builder_column_1_1 1_1 fusion-one-full fusion-column-first fusion-column-last\" style=\"margin-top:0px;margin-bottom:20px;\"><div class=\"fusion-column-wrapper fusion-flex-column-wrapper-legacy\" style=\"background-position:right bottom;background-repeat:no-repeat;-webkit-background-size:cover;-moz-background-size:cover;-o-background-size:cover;background-size:cover;padding: 0px 0px 0px 0px;\"><div class=\"fusion-text fusion-text-1\"><h2><span style=\"color: #c7aa62;\">Lippen<\/span><\/h2>\n<\/div><div class=\"fusion-sep-clear\"><\/div><div class=\"fusion-separator fusion-clearfix\" style=\"float:left;margin-top:0px;margin-bottom:20px;width:100%;max-width:50px;\"><div class=\"fusion-separator-border sep-single sep-solid\" style=\"border-color:#cbaa5c;border-top-width:1px;\"><\/div><\/div><div class=\"fusion-sep-clear\"><\/div><div class=\"fusion-text fusion-text-2\"><div>\n<p><span style=\"color: #c7aa62;\"><b>A kiss is just a kiss- <\/b><\/span>wusste schon Marilyn Monroe und es ist bis heute so geblieben. Verf\u00fchrerische Lippen sind DAS SINNBILD weiblicher Attraktivit\u00e4t!<\/p>\n<p>Leider verschwinden unsere Lippenkonturen im Laufe der Jahre und fr\u00fcher oft volle Lippen wirken h\u00e4ufig unscheinbar und selbst Lippenstifte k\u00f6nnen wegen st\u00f6render Lippenf\u00e4ltchen nicht viel daran \u00e4ndern.<\/p>\n<p>Mit unserem Lippen Permanent Make-Up ist nun Schluss damit- wir mogeln wirklich Jahre aus Ihrem Gesicht- Sie werden begeistert sein!<\/p>\n<p>Ob nat\u00fcrliche Aquarell-Lips ohne Kontur, Soft-Lips oder Lippenstifteffekt- auch hier gilt:<\/p>\n<p>Ihr Typ und Ihr Wunsch entscheiden- wir beraten und f\u00fchren perfekt aus!<\/p>\n<p>Eine Pigmentierung verleiht jeder Frau sinnlichere und ausdrucksvollere Lippen und ist au\u00dferdem perfekt geeignet bei dem Wunsch nach mehr Farbintensit\u00e4t der Lippen, optische Vergr\u00f6\u00dferung oder zur Lippenherzkorrektur bzw. Korrektur der Kontur.<\/p>\n<\/div>\n<\/div><div class=\"fusion-sep-clear\"><\/div><div class=\"fusion-separator fusion-full-width-sep\" style=\"margin-left: auto;margin-right: auto;margin-top:10px;width:100%;\"><\/div><div class=\"fusion-sep-clear\"><\/div><div class=\"fusion-video fusion-youtube\" style=\"max-width:600px;max-height:360px;\"><div class=\"video-shortcode\"><iframe title=\"YouTube video player 1\" src=\"https:\/\/www.youtube.com\/embed\/6NiZ1o5zZVs?wmode=transparent&autoplay=0\" width=\"600\" height=\"360\" allowfullscreen allow=\"autoplay; fullscreen\"><\/iframe><\/div><\/div><div class=\"fusion-sep-clear\"><\/div><div class=\"fusion-separator fusion-full-width-sep\" style=\"margin-left: auto;margin-right: auto;margin-top:10px;width:100%;\"><\/div><div class=\"fusion-sep-clear\"><\/div><div class=\"fusion-text fusion-text-3\"><h3><span style=\"color: #c7aa62;\"><strong>UNSER ANGEBOT F\u00dcR SIE<\/strong><\/span><\/h3>\n<h3><span style=\"color: #c7aa62;\"><strong>Preise<\/strong><\/span><\/h3>\n<\/div><style type='text\/css'>\n\t\t\t\t.pricing-table-1 .panel-container, .pricing-table-1 .standout .panel-container,\n\t\t\t\t.pricing-table-1.full-boxed-pricing {background-color:#e7eaee;}\n\t\t\t\t.pricing-table-1 .list-group .list-group-item,\n\t\t\t\t.pricing-table-1 .list-group .list-group-item:last-child{background-color:#ffffff; border-color:#ffffff;}\n\t\t\t\t.pricing-table-1.full-boxed-pricing .panel-wrapper:hover .panel-heading,\n\t\t\t\t.pricing-table-1 .panel-wrapper:hover .list-group-item {background-color:#e7eaee;}\n\t\t\t\t.pricing-table-1.full-boxed-pricing .panel-heading{background-color:#ffffff;}\n\t\t\t\t.pricing-table-1 .fusion-panel, .pricing-table-1 .panel-wrapper:last-child .fusion-panel,\n\t\t\t\t.pricing-table-1 .standout .fusion-panel, .pricing-table-1  .panel-heading,\n\t\t\t\t.pricing-table-1 .panel-body, .pricing-table-1 .panel-footer{border-color:#ffffff;}\n\t\t\t\t.pricing-table-1 .panel-body,.pricing-table-1 .panel-footer{background-color:#e7eaee;}\n\t\t\t\t.pricing-table-1.sep-boxed-pricing .panel-heading h3{color:#ffffff;}\n\t\t\t\t.pricing-table-1.full-boxed-pricing.fusion-pricing-table .panel-heading h3{color:#ffffff;}\n\t\t\t\t.pricing-table-1.fusion-pricing-table .panel-body .price .decimal-part{color:#1d2939;}\n\t\t\t\t.pricing-table-1.fusion-pricing-table .panel-body .price .integer-part{color:#1d2939;}\n\t\t\t\t.pricing-table-1 ul.list-group li{color:#222222;}\n\t\t\t\t<\/style><div class=\"fusion-pricing-table pricing-table-1 full-boxed-pricing row fusion-columns-3 columns-3 fusion-clearfix\"><div class=\"panel-wrapper fusion-column column col-lg-4 col-md-4 col-sm-4 fusion-pricingtable-column\"><div class=\"panel-container\"><div class=\"fusion-panel\"><div class=\"panel-heading\"><h3 class=\"title-row\">Feinste Konturenzeichnung mit Teilschattierung- nur bei vorhandener Pigmentierung als Auffrischung -<\/h3><\/div><div class=\"panel-body pricing-row\"><div class=\"price \"><span class=\"integer-part\">ab 450<\/span><span class=\"currency pos-right price-without-decimal\">\u20ac<\/span><\/div><\/div><\/ul><\/div><\/div><\/div><div class=\"panel-wrapper fusion-column column col-lg-4 col-md-4 col-sm-4 fusion-pricingtable-column\"><div class=\"panel-container\"><div class=\"fusion-panel\"><div class=\"panel-heading\"><h3 class=\"title-row\">Lippenmodellierung zur Lippenvergr\u00f6\u00dferung, Konturen und Lippenrot, inklusive Formgestaltung und plastische Konturen<\/h3><\/div><div class=\"panel-body pricing-row\"><div class=\"price \"><span class=\"integer-part\">ab 650<\/span><span class=\"currency pos-right price-without-decimal\">\u20ac<\/span><\/div><\/div><\/ul><\/div><\/div><\/div><div class=\"panel-wrapper fusion-column column col-lg-4 col-md-4 col-sm-4 fusion-pricingtable-column\"><div class=\"panel-container\"><div class=\"fusion-panel\"><div class=\"panel-heading\"><h3 class=\"title-row\">Lip Light (sanfte helle Umrandung zum Hervorheben der Lippenkontur)- nur bei bereits pigmentierten Lippen -<\/h3><\/div><div class=\"panel-body pricing-row\"><div class=\"price \"><span class=\"integer-part\">110<\/span><span class=\"currency pos-right price-without-decimal\">\u20ac<\/span><\/div><\/div><\/ul><\/div><\/div><\/div><\/div><style type=\"text\/css\" scoped>\n  .full-boxed-pricing .panel-heading {\n      min-height:170px;\n  }\n<\/style><div class=\"fusion-sep-clear\"><\/div><div class=\"fusion-separator fusion-full-width-sep\" style=\"margin-left: auto;margin-right: auto;margin-top:50px;width:100%;\"><div class=\"fusion-separator-border sep-single sep-solid\" style=\"border-color:#e0dede;border-top-width:1px;\"><\/div><\/div><div class=\"fusion-sep-clear\"><\/div><div class=\"fusion-text fusion-text-4\"><p>Alle Preise sind inkl. 19 % MwSt.<br \/>\nAlle Preise richten sich nach Aufwand und Pigmentiertechnik.<br \/>\nAlle Preise sind inklusive 1-2 Nacharbeiten innerhalb der n\u00e4chsten 3 Monaten.<\/p>\n<p><em>Sollten Sie Fragen zu Korrekturarbeiten von Fremdpigmentierungen, Narbencamouflage und humanmedizinischen Pigmentierungen oder Farbauffrischungen haben, rufen Sie mich gerne an.<\/em><\/p>\n<\/div><div class=\"fusion-clearfix\"><\/div><\/div><\/div><div class=\"fusion-layout-column fusion_builder_column fusion-builder-column-1 fusion_builder_column_1_1 1_1 fusion-one-full fusion-column-first fusion-column-last fusion-column-no-min-height\" style=\"margin-top:0px;margin-bottom:0px;\"><div class=\"fusion-column-wrapper fusion-flex-column-wrapper-legacy\" style=\"background-position:left top;background-repeat:no-repeat;-webkit-background-size:cover;-moz-background-size:cover;-o-background-size:cover;background-size:cover;padding: 0px 0px 0px 0px;\"><div class=\"fusion-sep-clear\"><\/div><div class=\"fusion-separator fusion-full-width-sep\" style=\"margin-left: auto;margin-right: auto;margin-top:13px;margin-bottom:13px;width:100%;\"><\/div><div class=\"fusion-sep-clear\"><\/div><div class=\"fusion-clearfix\"><\/div><\/div><\/div><\/div><\/div>\n","protected":false},"excerpt":{"rendered":"","protected":false},"author":1,"featured_media":0,"parent":7,"menu_order":0,"comment_status":"open","ping_status":"open","template":"100-width.php","meta":{"footnotes":""},"class_list":["post-1432","page","type-page","status-publish","hentry"],"_links":{"self":[{"href":"https:\/\/www.luxusbeautyline.de\/behandlungen\/wp-json\/wp\/v2\/pages\/1432","targetHints":{"allow":["GET"]}}],"collection":[{"href":"https:\/\/www.luxusbeautyline.de\/behandlungen\/wp-json\/wp\/v2\/pages"}],"about":[{"href":"https:\/\/www.luxusbeautyline.de\/behandlungen\/wp-json\/wp\/v2\/types\/page"}],"author":[{"embeddable":true,"href":"https:\/\/www.luxusbeautyline.de\/behandlungen\/wp-json\/wp\/v2\/users\/1"}],"replies":[{"embeddable":true,"href":"https:\/\/www.luxusbeautyline.de\/behandlungen\/wp-json\/wp\/v2\/comments?post=1432"}],"version-history":[{"count":25,"href":"https:\/\/www.luxusbeautyline.de\/behandlungen\/wp-json\/wp\/v2\/pages\/1432\/revisions"}],"predecessor-version":[{"id":3161,"href":"https:\/\/www.luxusbeautyline.de\/behandlungen\/wp-json\/wp\/v2\/pages\/1432\/revisions\/3161"}],"up":[{"embeddable":true,"href":"https:\/\/www.luxusbeautyline.de\/behandlungen\/wp-json\/wp\/v2\/pages\/7"}],"wp:attachment":[{"href":"https:\/\/www.luxusbeautyline.de\/behandlungen\/wp-json\/wp\/v2\/media?parent=1432"}],"curies":[{"name":"wp","href":"https:\/\/api.w.org\/{rel}","templated":true}]}}