{"id":1605,"date":"2015-07-06T19:22:31","date_gmt":"2015-07-06T19:22:31","guid":{"rendered":"http:\/\/109708.webhosting40.1blu.de\/luxusbeautyline_v3\/wordpress\/behandlungen\/?page_id=1605"},"modified":"2025-06-25T14:18:30","modified_gmt":"2025-06-25T12:18:30","slug":"augenbrauen","status":"publish","type":"page","link":"https:\/\/www.luxusbeautyline.de\/behandlungen\/permament_make-up\/augenbrauen\/","title":{"rendered":"Augenbrauen"},"content":{"rendered":"<p><div class=\"fusion-fullwidth fullwidth-box fusion-builder-row-1 nonhundred-percent-fullwidth non-hundred-percent-height-scrolling\" style=\"background-color: rgba(255,255,255,0);background-position: left top;background-repeat: no-repeat;padding-top:0px;padding-right:0px;padding-bottom:95px;padding-left:0px;margin-bottom: 0px;margin-top: 0px;border-width: 0px 0px 0px 0px;border-color:#eae9e9;border-style:solid;\" ><div class=\"fusion-builder-row fusion-row\"><div class=\"fusion-layout-column fusion_builder_column fusion-builder-column-0 fusion_builder_column_1_1 1_1 fusion-one-full fusion-column-first fusion-column-last\" style=\"margin-top:0px;margin-bottom:20px;\"><div class=\"fusion-column-wrapper fusion-flex-column-wrapper-legacy\" style=\"background-position:right bottom;background-repeat:no-repeat;-webkit-background-size:cover;-moz-background-size:cover;-o-background-size:cover;background-size:cover;padding: 0px 0px 0px 0px;\"><div class=\"fusion-text fusion-text-1\"><h1><span style=\"color: #c7aa62;\"><strong>Augenbrauen<\/strong><\/span><\/h1>\n<\/div><div class=\"fusion-sep-clear\"><\/div><div class=\"fusion-separator fusion-clearfix\" style=\"float:left;margin-top:0px;margin-bottom:20px;width:100%;max-width:50px;\"><div class=\"fusion-separator-border sep-single sep-solid\" style=\"border-color:#cbaa5c;border-top-width:1px;\"><\/div><\/div><div class=\"fusion-sep-clear\"><\/div><div class=\"fusion-text fusion-text-2\"><p>Gelten als \u201eRahmen des Gesichts\u201c- und das zu Recht! Sch\u00f6ne, typgerechte Augenbrauen verleihen Ihrem Gesicht den Ausdruck. Feinste nat\u00fcrliche H\u00e4rchenzeichnung oder pudrige Schattierung- Ihr Gesicht und Ihr Wunsch entscheiden- wir f\u00fchren lediglich perfekt aus.<\/p>\n<p>Wir nehmen uns besonders viel Zeit f\u00fcr die Beratung und Vorzeichnung- erst wenn Sie begeistert sind, beginnen wir mit der eigentlichen Pigmentierung.<\/p>\n<h3><span style=\"color: #c7aa62;\"><b>H\u00e4rchenzeichnung und pudrige Schattierung mit dem Pigmentierger\u00e4t<\/b><\/span><\/h3>\n<p>Zur Augenbrauenoptimierung, Verdichtung und Farbunterst\u00fctzung bieten wir diese besonders nat\u00fcrlich wirkenden Methoden an. Hair by Hair Gestaltung mit feinsten\u00a0 Nadeln f\u00fcr ultra d\u00fcnne H\u00e4rchengestaltung,\u00a0\u00a0 die realistische H\u00e4rchengestaltung erm\u00f6glicht. Eine pudrige Farbunterlegung, die sogenannte Pixeltechnik, ist ebenfalls m\u00f6glich.<\/p>\n<\/div><div class=\"fusion-video fusion-youtube\" style=\"max-width:600px;max-height:360px;\"><div class=\"video-shortcode\"><iframe title=\"YouTube video player 1\" src=\"https:\/\/www.youtube.com\/embed\/Ryk0K3BP8NI?wmode=transparent&autoplay=0\" width=\"600\" height=\"360\" allowfullscreen allow=\"autoplay; fullscreen\"><\/iframe><\/div><\/div><div class=\"fusion-sep-clear\"><\/div><div class=\"fusion-separator fusion-full-width-sep\" style=\"margin-left: auto;margin-right: auto;margin-top:30px;width:100%;\"><\/div><div class=\"fusion-sep-clear\"><\/div><div class=\"fusion-text fusion-text-3\"><h3><span style=\"color: #c7aa62;\"><strong>Preise<\/strong><\/span><\/h3>\n<\/div><style type='text\/css'>\n\t\t\t\t.pricing-table-1 .panel-container, .pricing-table-1 .standout .panel-container,\n\t\t\t\t.pricing-table-1.full-boxed-pricing {background-color:#e7eaee;}\n\t\t\t\t.pricing-table-1 .list-group .list-group-item,\n\t\t\t\t.pricing-table-1 .list-group .list-group-item:last-child{background-color:#ffffff; border-color:#ffffff;}\n\t\t\t\t.pricing-table-1.full-boxed-pricing .panel-wrapper:hover .panel-heading,\n\t\t\t\t.pricing-table-1 .panel-wrapper:hover .list-group-item {background-color:#e7eaee;}\n\t\t\t\t.pricing-table-1.full-boxed-pricing .panel-heading{background-color:#ffffff;}\n\t\t\t\t.pricing-table-1 .fusion-panel, .pricing-table-1 .panel-wrapper:last-child .fusion-panel,\n\t\t\t\t.pricing-table-1 .standout .fusion-panel, .pricing-table-1  .panel-heading,\n\t\t\t\t.pricing-table-1 .panel-body, .pricing-table-1 .panel-footer{border-color:#ffffff;}\n\t\t\t\t.pricing-table-1 .panel-body,.pricing-table-1 .panel-footer{background-color:#e7eaee;}\n\t\t\t\t.pricing-table-1.sep-boxed-pricing .panel-heading h3{color:#ffffff;}\n\t\t\t\t.pricing-table-1.full-boxed-pricing.fusion-pricing-table .panel-heading h3{color:#ffffff;}\n\t\t\t\t.pricing-table-1.fusion-pricing-table .panel-body .price .decimal-part{color:#1d2939;}\n\t\t\t\t.pricing-table-1.fusion-pricing-table .panel-body .price .integer-part{color:#1d2939;}\n\t\t\t\t.pricing-table-1 ul.list-group li{color:#222222;}\n\t\t\t\t<\/style><div class=\"fusion-pricing-table pricing-table-1 full-boxed-pricing row fusion-columns-3 columns-3 fusion-clearfix\"><div class=\"panel-wrapper fusion-column column col-lg-4 col-md-4 col-sm-4 fusion-pricingtable-column\"><div class=\"panel-container\"><div class=\"fusion-panel\"><div class=\"panel-heading\"><h3 class=\"title-row\">Dezente, nat\u00fcrliche H\u00e4rchenzeichnung inkl. Formgestaltung<\/h3><\/div><div class=\"panel-body pricing-row\"><div class=\"price \"><span class=\"integer-part\">ab 490<\/span><span class=\"currency pos-right price-without-decimal\">\u20ac<\/span><\/div><\/div><\/ul><\/div><\/div><\/div><div class=\"panel-wrapper fusion-column column col-lg-4 col-md-4 col-sm-4 fusion-pricingtable-column\"><div class=\"panel-container\"><div class=\"fusion-panel\"><div class=\"panel-heading\"><h3 class=\"title-row\">Augenbrauenschattierung \/ Farbunterlegung<\/h3><\/div><div class=\"panel-body pricing-row\"><div class=\"price \"><span class=\"integer-part\">ab 450<\/span><span class=\"currency pos-right price-without-decimal\">\u20ac<\/span><\/div><\/div><\/ul><\/div><\/div><\/div><div class=\"panel-wrapper fusion-column column col-lg-4 col-md-4 col-sm-4 fusion-pricingtable-column\"><div class=\"panel-container\"><div class=\"fusion-panel\"><div class=\"panel-heading\"><h3 class=\"title-row\">Entfernung der alten Pigmentierung und Neugestaltung der Brauen<\/h3><\/div><div class=\"panel-body pricing-row\"><div class=\"price \"><span class=\"currency\"><\/span><span class=\"integer-part\">auf Anfrage<\/span><\/div><\/div><\/ul><\/div><\/div><\/div><\/div><style type=\"text\/css\" scoped>\n  .full-boxed-pricing .panel-heading {\n      min-height:160px;\n  }\n<\/style><div class=\"fusion-sep-clear\"><\/div><div class=\"fusion-separator fusion-full-width-sep\" style=\"margin-left: auto;margin-right: auto;margin-top:50px;width:100%;\"><div class=\"fusion-separator-border sep-single sep-solid\" style=\"border-color:#e0dede;border-top-width:1px;\"><\/div><\/div><div class=\"fusion-sep-clear\"><\/div><div class=\"fusion-text fusion-text-4\"><p>Alle Preise sind inkl. 19 % MwSt.<br \/>\nAlle Preise richten sich nach Aufwand und Pigmentiertechnik.<br \/>\nAlle Preise sind inklusive 1 Nacharbeit innerhalb der n\u00e4chsten 4 Wochen.<\/p>\n<p><em>Sollten Sie Fragen zu Korrekturarbeiten von Fremdpigmentierungen, Narbencamouflage und humanmedizinischen Pigmentierungen oder Farbauffrischungen haben, rufen Sie mich gerne an.<\/em><\/p>\n<\/div><div class=\"fusion-clearfix\"><\/div><\/div><\/div><\/div><\/div><div class=\"fusion-fullwidth fullwidth-box fusion-builder-row-2 fusion-flex-container nonhundred-percent-fullwidth non-hundred-percent-height-scrolling\" style=\"background-color: rgba(255,255,255,0);background-position: center center;background-repeat: no-repeat;border-width: 0px 0px 0px 0px;border-color:#eae9e9;border-style:solid;\" ><div class=\"fusion-builder-row fusion-row fusion-flex-align-items-flex-start\" style=\"max-width:1216.8px;margin-left: calc(-4% \/ 2 );margin-right: calc(-4% \/ 2 );\"><\/div><style type=\"text\/css\">.fusion-body .fusion-flex-container.fusion-builder-row-2{ padding-top : 0px;margin-top : 0px;padding-right : 0px;padding-bottom : 0px;margin-bottom : 0px;padding-left : 0px;}<\/style><\/div><\/p>\n","protected":false},"excerpt":{"rendered":"","protected":false},"author":1,"featured_media":0,"parent":7,"menu_order":0,"comment_status":"open","ping_status":"closed","template":"100-width.php","meta":{"footnotes":""},"class_list":["post-1605","page","type-page","status-publish","hentry"],"_links":{"self":[{"href":"https:\/\/www.luxusbeautyline.de\/behandlungen\/wp-json\/wp\/v2\/pages\/1605","targetHints":{"allow":["GET"]}}],"collection":[{"href":"https:\/\/www.luxusbeautyline.de\/behandlungen\/wp-json\/wp\/v2\/pages"}],"about":[{"href":"https:\/\/www.luxusbeautyline.de\/behandlungen\/wp-json\/wp\/v2\/types\/page"}],"author":[{"embeddable":true,"href":"https:\/\/www.luxusbeautyline.de\/behandlungen\/wp-json\/wp\/v2\/users\/1"}],"replies":[{"embeddable":true,"href":"https:\/\/www.luxusbeautyline.de\/behandlungen\/wp-json\/wp\/v2\/comments?post=1605"}],"version-history":[{"count":43,"href":"https:\/\/www.luxusbeautyline.de\/behandlungen\/wp-json\/wp\/v2\/pages\/1605\/revisions"}],"predecessor-version":[{"id":3167,"href":"https:\/\/www.luxusbeautyline.de\/behandlungen\/wp-json\/wp\/v2\/pages\/1605\/revisions\/3167"}],"up":[{"embeddable":true,"href":"https:\/\/www.luxusbeautyline.de\/behandlungen\/wp-json\/wp\/v2\/pages\/7"}],"wp:attachment":[{"href":"https:\/\/www.luxusbeautyline.de\/behandlungen\/wp-json\/wp\/v2\/media?parent=1605"}],"curies":[{"name":"wp","href":"https:\/\/api.w.org\/{rel}","templated":true}]}}