{"id":9,"date":"2015-02-03T20:14:31","date_gmt":"2015-02-03T20:14:31","guid":{"rendered":"http:\/\/avada.theme-fusion.com_demos\/hotel\/?page_id=9"},"modified":"2020-05-30T12:13:46","modified_gmt":"2020-05-30T10:13:46","slug":"humanmedizinische_pigmentierungen","status":"publish","type":"page","link":"https:\/\/www.luxusbeautyline.de\/behandlungen\/humanmedizinische_pigmentierungen\/","title":{"rendered":"Humanmedizinische Pigmentierungen"},"content":{"rendered":"<div class=\"fusion-fullwidth fullwidth-box fusion-builder-row-1 nonhundred-percent-fullwidth non-hundred-percent-height-scrolling\" style=\"background-color: rgba(255,255,255,0);background-position: left top;background-repeat: no-repeat;padding-top:0px;padding-right:0px;padding-bottom:95px;padding-left:0px;margin-bottom: 0px;margin-top: 0px;border-width: 0px 0px 0px 0px;border-color:#eae9e9;border-style:solid;\" ><div class=\"fusion-builder-row fusion-row\"><div class=\"fusion-layout-column fusion_builder_column fusion-builder-column-0 fusion_builder_column_1_1 1_1 fusion-one-full fusion-column-first fusion-column-last\" style=\"margin-top:0px;margin-bottom:20px;\"><div class=\"fusion-column-wrapper fusion-flex-column-wrapper-legacy\" style=\"background-position:right bottom;background-repeat:no-repeat;-webkit-background-size:cover;-moz-background-size:cover;-o-background-size:cover;background-size:cover;padding: 0px 0px 0px 0px;\"><div class=\"fusion-text fusion-text-1\"><h1><span style=\"color: #c7aa62;\"><strong>Brust- &amp; Areola-Pigmentierung<\/strong><\/span><\/h1>\n<\/div><div class=\"fusion-sep-clear\"><\/div><div class=\"fusion-separator fusion-clearfix\" style=\"float:left;margin-top:0px;margin-bottom:20px;width:100%;max-width:50px;\"><div class=\"fusion-separator-border sep-single sep-solid\" style=\"border-color:#cbaa5c;border-top-width:1px;\"><\/div><\/div><div class=\"fusion-sep-clear\"><\/div><div class=\"fusion-text fusion-text-2\"><h3><span style=\"color: #c7aa62;\">Ihr Weg zu neuer Lebensqualit\u00e4t<\/span><\/h3>\n<p>Und mehr Selbstwertgef\u00fchl \u2013 dabei m\u00f6chten wir Ihnen helfen.<\/p>\n<p>Permanent Make-Up Behandlungen- nicht nur im kosmetischen Bereich eine Innovation und Bereicherung. <span style=\"color: #c7aa62;\"><strong>Nach medizinischen Eingriffen<\/strong><\/span> kommt diese Art der Behandlung<strong><span style=\"color: #c7aa62;\"> immer mehr zum Einsatz und erfreut sich steigender Beliebtheit<\/span><\/strong>.<\/p>\n<h3><span style=\"color: #c7aa62;\">In welchen Bereichen kommt die humanmedizinische Pigmentierung zum Einsatz?<\/span><\/h3>\n<p>Es handelt sich hierbei um eine<strong><span style=\"color: #c7aa62;\"> nicht operative Methode zur Rekonstruierung der Brust nach einer Brust- Operation.<\/span> <span style=\"color: #c7aa62;\">Entstandene Narben k\u00f6nnen camouflagiert werden<\/span><\/strong> und somit der Umgebungshaut angepasst werden. Fehlende Brustwarzen, z.B. nach einer Brustkrebs- Operation, k\u00f6nnen <strong><span style=\"color: #c7aa62;\">komplett neu modelliert<\/span><\/strong> werden und <strong><span style=\"color: #c7aa62;\">wirken optisch wie eine nat\u00fcrliche Brustwarze<\/span><\/strong>.<\/p>\n<p>Diese Art der Behandlung erm\u00f6glicht uns auch eine <strong><span style=\"color: #c7aa62;\">Lippen-Kiefer-Gaumenspalte optisch zu verbessern<\/span><\/strong>. Bei partiellem oder totalem <strong><span style=\"color: #c7aa62;\">Verlust der H\u00e4rchen an Augenbrauen und bei Kopfhaar<\/span><\/strong> k\u00f6nnen diese neu modelliert werden. <strong><span style=\"color: #c7aa62;\">St\u00f6rende Narben nach Operationen, Unf\u00e4llen oder Verbrennungen<\/span><\/strong> k\u00f6nnen retuschiert werden.<\/p>\n<p>Oft leiden Menschen unter den vorgenannten Umst\u00e4nden, f\u00fchlen sich nicht mehr ansehnlich, Selbstwertgef\u00fchl und Lebensqualit\u00e4t nehmen ab. Fr\u00fcher konnten diese \u201eSch\u00f6nheitsmakel\u201c nur durch weitere operative Eingriffe behandelt werden.<\/p>\n<h3><span style=\"color: #c7aa62;\">Wie funktioniert diese Methode?<\/span><\/h3>\n<p>Mittels spezieller Nadel- Modulsysteme werden gepr\u00fcfte Farbpigmente in die mittlere Hautschicht eingebracht. Die Auswahl der Farbe richtet sich nach dem Behandlungsareal und dem gew\u00fcnschten Ergebnis.<\/p>\n<h3><span style=\"color: #c7aa62;\">Gut zu wissen<\/span><\/h3>\n<p><strong><span style=\"color: #c7aa62;\">In den meisten F\u00e4llen,<\/span><\/strong> insbesondere nach einer Brustkrebs- Operation, <strong><span style=\"color: #c7aa62;\">\u00fcbernimmt Ihre Krankenkasse die Kosten<\/span><\/strong> f\u00fcr die Behandlung.<\/p>\n<\/div><div class=\"fusion-clearfix\"><\/div><\/div><\/div><div class=\"fusion-layout-column fusion_builder_column fusion-builder-column-1 fusion_builder_column_1_1 1_1 fusion-one-full fusion-column-first fusion-column-last fusion-column-no-min-height\" style=\"margin-top:0px;margin-bottom:0px;\"><div class=\"fusion-column-wrapper fusion-flex-column-wrapper-legacy\" style=\"background-position:left top;background-repeat:no-repeat;-webkit-background-size:cover;-moz-background-size:cover;-o-background-size:cover;background-size:cover;padding: 0px 0px 0px 0px;\"><div class=\"fusion-sep-clear\"><\/div><div class=\"fusion-separator fusion-full-width-sep\" style=\"margin-left: auto;margin-right: auto;margin-top:20px;margin-bottom:50px;width:100%;max-width:100%;\"><div class=\"fusion-separator-border sep-single sep-solid\" style=\"border-color:#cbaa5c;border-top-width:1px;\"><\/div><\/div><div class=\"fusion-sep-clear\"><\/div><div class=\"fusion-clearfix\"><\/div><\/div><\/div><div class=\"fusion-layout-column fusion_builder_column fusion-builder-column-2 fusion_builder_column_1_1 1_1 fusion-one-full fusion-column-first fusion-column-last fusion-column-no-min-height\" style=\"margin-top:0px;margin-bottom:0px;\"><div class=\"fusion-column-wrapper fusion-flex-column-wrapper-legacy\" style=\"background-position:left top;background-repeat:no-repeat;-webkit-background-size:cover;-moz-background-size:cover;-o-background-size:cover;background-size:cover;padding: 0px 0px 0px 0px;\"><div class=\"fusion-text fusion-text-3\"><h1><span style=\"color: #c7aa62;\"><strong>Scalp Pigmentierung<\/strong><\/span><\/h1>\n<\/div><div class=\"fusion-sep-clear\"><\/div><div class=\"fusion-separator fusion-clearfix\" style=\"float:left;margin-top:0px;margin-bottom:20px;width:100%;max-width:50px;\"><div class=\"fusion-separator-border sep-single sep-solid\" style=\"border-color:#cbaa5c;border-top-width:1px;\"><\/div><\/div><div class=\"fusion-sep-clear\"><\/div><div class=\"fusion-text fusion-text-4\"><p><span style=\"color: #c7aa62;\"><strong>Jeder w\u00fcnscht sich<\/strong><\/span> <strong><span style=\"color: #c7aa62;\">volles und pr\u00e4chtiges Haar<\/span><\/strong>&#8211; sowohl Frau als auch Mann.<\/p>\n<p>Bedingt durch Umwelteinfl\u00fcsse, Genetik, dem Alterungsprozess, Krankheit und hormonellbedingt kann es zu Haarausfall kommen. Mit der <strong><span style=\"color: #c7aa62;\">wirksamen und schonenden Scalp- Pigmentierungs- Methode<\/span><\/strong> verhelfen wir Ihnen wieder zu vollerem und dichterem Haar.<\/p>\n<p>Durch die <strong><span style=\"color: #c7aa62;\">Pigmentierung der Kopfhaut<\/span> <\/strong>erzielen wir <strong><span style=\"color: #c7aa62;\">sofort sichtbare Ergebnisse<\/span><\/strong>. Die Farbpigmente werden manuell oder maschinell in die Lederhaut (Dermis), die unterhalb der Oberhaut liegt, transplantiert. <strong><span style=\"color: #c7aa62;\">Diese Behandlungsmethode bietet viele Vorteile<\/span><\/strong> \u2013 es ist<strong><span style=\"color: #c7aa62;\"> kein chirurgischer Eingriff<\/span> <\/strong>notwendig. Des Weiteren ersparen Sie sich die unn\u00f6tige Einnahme von Medikamenten, Hormonen, Haarwuchsmitteln und das Tragen einer Per\u00fccke. Die Scalp- Pigmentierung ist au\u00dferdem die <strong><span style=\"color: #c7aa62;\">einzige kosteng\u00fcnstige Alternative zur Haartransplantation<\/span><\/strong> und bietet eine <strong><span style=\"color: #c7aa62;\">dauerhafte L\u00f6sung<\/span><\/strong> um Ihr Haar <strong><span style=\"color: #c7aa62;\">innerhalb von wenigen Stunde<\/span><span style=\"color: #c7aa62;\">n<\/span><\/strong> dichter wirken zu lassen. In vielen F\u00e4llen wird durch diese einzigartige Behandlung das <strong><span style=\"color: #c7aa62;\">Haarwachstum aus dem Folikel heraus wieder angeregt.<\/span><\/strong><\/p>\n<p>Ihre W\u00fcnsche stehen f\u00fcr uns im Mittelpunkt- gerne beraten wir Sie ausf\u00fchrlich und erstellen eine pers\u00f6nliche Typ- Analyse.<\/p>\n<h3><span style=\"color: #c7aa62;\">Wann wird eine Pigmentierung der Kopfhaut empfohlen?<\/span><\/h3>\n<ul>\n<li>Geheimratsecken<\/li>\n<li>Zur\u00fcckgehender Haaransatz<\/li>\n<li>Sch\u00fctteres Haar, das bereits kahle Stelle aufweist<\/li>\n<li>Neigung zu Glatzenbildung oder bei vollst\u00e4ndigem Kopfhaarverlust<\/li>\n<li>Kahler Kopf (stellenweise oder komplett)<\/li>\n<li>Haarbodenverdichtung bei Scheitel<\/li>\n<li>Kaschierung der Narben am Kopf<\/li>\n<li>Bartverdichtung: Der Drei-Tage-Bart wird optisch verdichtet, dadurch wirkt er voll und gleichm\u00e4\u00dfig. Mit dieser Methode haben Sie die M\u00f6glichkeit Bartkonturen und Schatten besser auszuarbeiten<\/li>\n<li>auch der Intimbereich kann nach Wunsch angepasst werden<\/li>\n<\/ul>\n<\/div><div class=\"fusion-clearfix\"><\/div><\/div><\/div><div class=\"fusion-layout-column fusion_builder_column fusion-builder-column-3 fusion_builder_column_1_1 1_1 fusion-one-full fusion-column-first fusion-column-last fusion-column-no-min-height\" style=\"margin-top:0px;margin-bottom:0px;\"><div class=\"fusion-column-wrapper fusion-flex-column-wrapper-legacy\" style=\"background-position:left top;background-repeat:no-repeat;-webkit-background-size:cover;-moz-background-size:cover;-o-background-size:cover;background-size:cover;padding: 0px 0px 0px 0px;\"><div class=\"fusion-sep-clear\"><\/div><div class=\"fusion-separator fusion-full-width-sep\" style=\"margin-left: auto;margin-right: auto;margin-top:20px;margin-bottom:50px;width:100%;max-width:100%;\"><div class=\"fusion-separator-border sep-single sep-solid\" style=\"border-color:#cbaa5c;border-top-width:1px;\"><\/div><\/div><div class=\"fusion-sep-clear\"><\/div><div class=\"fusion-video fusion-youtube\" style=\"max-width:600px;max-height:360px;\"><div class=\"video-shortcode\"><iframe title=\"YouTube video player 1\" src=\"https:\/\/www.youtube.com\/embed\/G7jw_OpCDp0?wmode=transparent&autoplay=0\" width=\"600\" height=\"360\" allowfullscreen allow=\"autoplay; fullscreen\"><\/iframe><\/div><\/div><div class=\"fusion-sep-clear\"><\/div><div class=\"fusion-separator fusion-full-width-sep\" style=\"margin-left: auto;margin-right: auto;margin-top:20px;margin-bottom:50px;width:100%;max-width:100%;\"><div class=\"fusion-separator-border sep-single sep-solid\" style=\"border-color:#cbaa5c;border-top-width:1px;\"><\/div><\/div><div class=\"fusion-sep-clear\"><\/div><div class=\"fusion-clearfix\"><\/div><\/div><\/div><div class=\"fusion-layout-column fusion_builder_column fusion-builder-column-4 fusion_builder_column_1_1 1_1 fusion-one-full fusion-column-first fusion-column-last fusion-column-no-min-height\" style=\"margin-top:0px;margin-bottom:0px;\"><div class=\"fusion-column-wrapper fusion-flex-column-wrapper-legacy\" style=\"background-position:left top;background-repeat:no-repeat;-webkit-background-size:cover;-moz-background-size:cover;-o-background-size:cover;background-size:cover;padding: 0px 0px 0px 0px;\"><div class=\"fusion-text fusion-text-5\"><h1><span style=\"color: #c7aa62;\"><strong>Preise<\/strong><\/span><\/h1>\n<\/div><div class=\"fusion-sep-clear\"><\/div><div class=\"fusion-separator fusion-clearfix\" style=\"float:left;margin-top:0px;margin-bottom:20px;width:100%;max-width:50px;\"><div class=\"fusion-separator-border sep-single sep-solid\" style=\"border-color:#cbaa5c;border-top-width:1px;\"><\/div><\/div><div class=\"fusion-sep-clear\"><\/div><div class=\"fusion-text fusion-text-6\"><p>Die Preise richten sich nach Aufwand. Gerne unterbreiten wir Ihnen auf Anfrage ein individuelles Angebot.<br \/>\nSprechen Sie uns an. Wir freuen uns auf Sie!<\/p>\n<\/div><div class=\"fusion-clearfix\"><\/div><\/div><\/div><\/div><\/div>\n","protected":false},"excerpt":{"rendered":"","protected":false},"author":1,"featured_media":0,"parent":0,"menu_order":0,"comment_status":"open","ping_status":"open","template":"","meta":{"footnotes":""},"class_list":["post-9","page","type-page","status-publish","hentry"],"_links":{"self":[{"href":"https:\/\/www.luxusbeautyline.de\/behandlungen\/wp-json\/wp\/v2\/pages\/9","targetHints":{"allow":["GET"]}}],"collection":[{"href":"https:\/\/www.luxusbeautyline.de\/behandlungen\/wp-json\/wp\/v2\/pages"}],"about":[{"href":"https:\/\/www.luxusbeautyline.de\/behandlungen\/wp-json\/wp\/v2\/types\/page"}],"author":[{"embeddable":true,"href":"https:\/\/www.luxusbeautyline.de\/behandlungen\/wp-json\/wp\/v2\/users\/1"}],"replies":[{"embeddable":true,"href":"https:\/\/www.luxusbeautyline.de\/behandlungen\/wp-json\/wp\/v2\/comments?post=9"}],"version-history":[{"count":20,"href":"https:\/\/www.luxusbeautyline.de\/behandlungen\/wp-json\/wp\/v2\/pages\/9\/revisions"}],"predecessor-version":[{"id":2365,"href":"https:\/\/www.luxusbeautyline.de\/behandlungen\/wp-json\/wp\/v2\/pages\/9\/revisions\/2365"}],"wp:attachment":[{"href":"https:\/\/www.luxusbeautyline.de\/behandlungen\/wp-json\/wp\/v2\/media?parent=9"}],"curies":[{"name":"wp","href":"https:\/\/api.w.org\/{rel}","templated":true}]}}