{"id":1009,"date":"2018-01-07T19:48:28","date_gmt":"2018-01-07T18:48:28","guid":{"rendered":"https:\/\/www.luxusbeautyline.de\/luxusplasmaliner\/?page_id=1009"},"modified":"2024-10-29T20:36:18","modified_gmt":"2024-10-29T19:36:18","slug":"warum-wir","status":"publish","type":"page","link":"https:\/\/www.luxusbeautyline.de\/luxusplasmaliner\/home\/warum-wir\/","title":{"rendered":"Warum wir"},"content":{"rendered":"<p><div class=\"fusion-fullwidth fullwidth-box fusion-builder-row-1 nonhundred-percent-fullwidth non-hundred-percent-height-scrolling\" style=\"background-color: #25292b;background-position: left top;background-repeat: no-repeat;padding-top:185px;padding-right:0px;padding-bottom:120px;padding-left:0px;margin-bottom: 0px;margin-top: 0px;border-width: 0px 0px 0px 0px;border-color:#25292b;border-style:solid;\" ><div class=\"fusion-builder-row fusion-row\"><div class=\"fusion-layout-column fusion_builder_column fusion-builder-column-0 fusion_builder_column_1_1 1_1 fusion-one-full fusion-column-first fusion-column-last fusion-column-no-min-height\" style=\"margin-top:0px;margin-bottom:0px;\"><div class=\"fusion-column-wrapper fusion-flex-column-wrapper-legacy\" style=\"background-position:left top;background-repeat:no-repeat;-webkit-background-size:cover;-moz-background-size:cover;-o-background-size:cover;background-size:cover;padding: 0px 0px 0px 0px;\"><div class=\"fusion-text fusion-text-1\"><h2 style=\"text-align: center;\">Warum wir?<\/h2>\n<\/div><div class=\"fusion-clearfix\"><\/div><\/div><\/div><div class=\"fusion-layout-column fusion_builder_column fusion-builder-column-1 fusion_builder_column_1_1 1_1 fusion-one-full fusion-column-first fusion-column-last\" style=\"margin-top:0px;margin-bottom:20px;\"><div class=\"fusion-column-wrapper fusion-flex-column-wrapper-legacy\" style=\"background-position:left top;background-repeat:no-repeat;-webkit-background-size:cover;-moz-background-size:cover;-o-background-size:cover;background-size:cover;padding: 0px 0px 0px 0px;\"><div class=\"fusion-text fusion-text-2\"><div class=\"fusion-text\">\n<p>Bei Ihrer Suche nach dem passenden Ausbildungsinstitut sollten Sie Ihr Augenmerk ganz besonders auf das Wesentliche richten. Essentieller Bestandteil einer erfolgreichen Ausbildung ist ein professioneller &amp; erfahrener Ausbilder, der sich stets weiterbildet und sein Handwerk versteht und dieses bereits von Beginn an erfolgreich und nachhaltig umsetzt.<\/p>\n<p>Der Ausbilder muss mit seinen Erfahrungen seine Sch\u00fcler auch nach der Ausbildung begleitend unterst\u00fctzen k\u00f6nnen. Ausbilden ist nicht gleich Ausbilden. Fundiertes Fachwissen lehren und weitergeben kann nicht jeder, genauso wenig wie seine Sch\u00fcler w\u00e4hrend der Schulung individuell zu betreuen um bestm\u00f6gliche Ergebnisse erzielen zu k\u00f6nnen. Auch die Vermeidung von Fehlern sowie Tipps und Tricks geh\u00f6ren zu einer guten Ausbildung.<\/p>\n<p>Ein gegliedertes und bebildertes Schulungsskript mit Step-by-Step Anleitungen und Arbeitsanweisungen helfen den Sch\u00fclern auch nach der Ausbildung das Erlernte zu wiederholen.<\/p>\n<p><span style=\"color: #c8aa62;\"><strong>All dies sind wichtige Anhaltspunkte f\u00fcr Sie, um bereits im Vorfeld das passende Ausbildungsinstitut zu w\u00e4hlen!<\/strong><\/span><\/p>\n<\/div>\n<\/div><div class=\"fusion-clearfix\"><\/div><\/div><\/div><div class=\"fusion-layout-column fusion_builder_column fusion-builder-column-2 fusion_builder_column_1_2 1_2 fusion-one-half fusion-column-first\" style=\"width:48%; margin-right: 4%;margin-top:0px;margin-bottom:20px;\"><div class=\"fusion-column-wrapper fusion-flex-column-wrapper-legacy\" style=\"background-position:left top;background-repeat:no-repeat;-webkit-background-size:cover;-moz-background-size:cover;-o-background-size:cover;background-size:cover;padding: 0px 0px 0px 0px;\"><div class=\"fusion-text fusion-text-3\"><div class=\"fusion-text\">\n<ul>\n<li>\n<h5>UNSER AUSBILDUNGSKONZEPT ERF\u00dcLLT H\u00d6CHSTE ANFORDERUNGEN:<\/h5>\n<\/li>\n<\/ul>\n<p>Als langj\u00e4hrige Trainerin wei\u00df ich aber eines genau: Das beste Ger\u00e4t alleine n\u00fctzt nichts ohne perfekte Ausbildung, d.h. ohne professionelle Trainer\/innen. Bei der Auswahl unserer Trainerinnen war nat\u00fcrlich h\u00f6chste Fachkompetenz ganz oben auf der Priorit\u00e4tenliste. Jeder einzelne Trainer wurde in unserer Academy nach unserem eigenen Schulungskonzept aus- und weitergebildet und verf\u00fcgt \u00fcber ein au\u00dferordentliches &amp; umfassendes fachliches Know-how.<\/p>\n<ul>\n<li>\n<h5>FACHWISSEN ALLEIN REICHT ABER NICHT!<\/h5>\n<\/li>\n<\/ul>\n<p>Respekt, Wertsch\u00e4tzung und das Miteinander und gemeinsame Arbeiten auf Augenh\u00f6he \u2013 unsere Werte und unsere Firmenphilosophie. Auch wir bilden uns regelm\u00e4\u00dfig fort. Alle Trainerinnen nehmen regelm\u00e4\u00dfig an unseren \u201eTrain-the-Trainer-Fortbildungen\u201c teil. So garantieren wir bundesweit eine einheitliche hohe Ausbildungsqualit\u00e4t \u2013 egal welche Akademie Sie w\u00e4hlen!<\/p>\n<ul>\n<li>\n<h5>UNSER AUSBILDUNGSKONZEPT L\u00c4SST KEINE W\u00dcNSCHE OFFEN UND MACHT AUCH UMSTEIGERN DEN EINSTIEG LEICHT!<\/h5>\n<\/li>\n<\/ul>\n<p>Ob Kombi- Schulungen zu fairen Geb\u00fchren, einzelne, aufeinander aufbauende, Aus- und Fortbildungs- Module (Basic &amp; Advanced) \u2013 Sie entscheiden was das Beste f\u00fcr Sie ist und welche Ausbildungsform zu Ihrer individuellen Situation passt.<\/p>\n<\/div>\n<ul>\n<li>\n<h5>PARTNERSCHAFTLICHES ARBEITEN STATT EINMALIGEM BUSINESS:<\/h5>\n<\/li>\n<\/ul>\n<p>Unsere Firmenphilosophie ist ausgelegt auf eine langanhaltende und vor allem erfolgreiche Zusammenarbeit. Somit h\u00f6rt unsere Unterst\u00fctzung nach Ihrer Ausbildung noch lange nicht auf. Wir zeichnen uns durch eine hervorragende Nachbetreuung aus.<\/p>\n<\/div><div class=\"fusion-clearfix\"><\/div><\/div><\/div><div class=\"fusion-layout-column fusion_builder_column fusion-builder-column-3 fusion_builder_column_1_2 1_2 fusion-one-half fusion-column-last\" style=\"width:48%;margin-top:0px;margin-bottom:20px;\"><div class=\"fusion-column-wrapper fusion-flex-column-wrapper-legacy\" style=\"background-position:left top;background-repeat:no-repeat;-webkit-background-size:cover;-moz-background-size:cover;-o-background-size:cover;background-size:cover;padding: 0px 0px 0px 0px;\"><div class=\"fusion-text fusion-text-4\"><div class=\"fusion-text\">\n<ul>\n<li data-fontsize=\"14\" data-lineheight=\"20\">\n<h5>WIR SCHULEN AUSSCHLIE\u00dfLICH IN KLEINEN GRUPPEN!<\/h5>\n<\/li>\n<\/ul>\n<p>Somit haben wir die M\u00f6glichkeit auf unsere Sch\u00fcler einzugehen, alles ausf\u00fchrlich und detailliert zu erkl\u00e4ren, Hilfestellung zu geben und die Schulung somit individuell dem Leistungsstand anzupassen. Weiter bietet unsere Facebook-Gruppe allen Teilnehmern die M\u00f6glichkeit Fragen zu stellen und hier Antworten zu finden. Tauscht euch mit anderen Absolventen unseres Ausbildungszentrums und Plasma Profis aus und teilt eure Erfahrungen untereinander um noch besser zu werden. Hier findet ihr auch spezielle Tipps und Tricks, Videos, Bilder und Step-by-Step Anleitungen. Bei uns ist niemand auf sich allein gestellt!<\/p>\n<ul>\n<li>\n<h5 data-fontsize=\"14\" data-lineheight=\"20\">WIR STELLEN UNSEREN SCH\u00dcLERN GEEIGNETE MODELLE ZUM \u00dcBEN!<\/h5>\n<\/li>\n<\/ul>\n<p>F\u00fcr die Sch\u00fcler-\/innen unseres Instituts k\u00fcmmern wir uns um Modelle und stellen sie Ihnen f\u00fcr die Schulung zur Verf\u00fcgung. Auf Wunsch und R\u00fccksprache k\u00f6nnen Sie auch gern Ihre eigenen Modelle mitbringen.<\/p>\n<ul>\n<li>\n<h5 data-fontsize=\"14\" data-lineheight=\"20\">UNSERE UNTERST\u00dcTZUNG F\u00dcR IHRE WERBEKAMPAGNE!<\/h5>\n<\/li>\n<\/ul>\n<p>Sie bekommen von uns eine angepasste Werbekampagne zur Verf\u00fcgung gestellt. So k\u00f6nnen Sie mit den bereits fertigen Bildern, Texten und Druckdaten Ihre eigene Werbung produzieren lassen und so zielgerichtet auf sich und Ihr Unternehmen aufmerksam machen.<\/p>\n<\/div>\n<\/div><div class=\"fusion-clearfix\"><\/div><\/div><\/div><\/div><\/div><div class=\"fusion-bg-parallax\" data-bg-align=\"center center\" data-direction=\"up\" data-mute=\"false\" data-opacity=\"100\" data-velocity=\"-0.3\" data-mobile-enabled=\"false\" data-break_parents=\"0\" data-bg-image=\"https:\/\/www.luxusbeautyline.de\/luxusplasmaliner\/wp-content\/uploads\/sites\/5\/2018\/03\/Zertis-1.jpg\" data-bg-repeat=\"false\" data-bg-color=\"#25292b\" ><\/div><div class=\"fusion-fullwidth fullwidth-box fusion-builder-row-2 fusion-parallax-up nonhundred-percent-fullwidth non-hundred-percent-height-scrolling fusion-equal-height-columns\" style=\"background-color: #25292b;background-image: url(&quot;https:\/\/www.luxusbeautyline.de\/luxusplasmaliner\/wp-content\/uploads\/sites\/5\/2018\/03\/Zertis-1.jpg&quot;);background-position: center center;background-repeat: no-repeat;padding-top:100px;padding-right:0px;padding-bottom:80px;padding-left:0px;margin-bottom: 0px;margin-top: 0px;border-width: 0px 0px 0px 0px;border-color:#25292b;border-style:solid;-webkit-background-size:cover;-moz-background-size:cover;-o-background-size:cover;background-size:cover;\" ><div class=\"fusion-builder-row fusion-row\"><div class=\"fusion-layout-column fusion_builder_column fusion-builder-column-4 fusion_builder_column_1_1 1_1 fusion-one-full fusion-column-first fusion-column-last\" style=\"margin-top:0px;margin-bottom:0px;\"><div class=\"fusion-column-wrapper fusion-flex-column-wrapper-legacy\" style=\"background-position:left top;background-repeat:no-repeat;-webkit-background-size:cover;-moz-background-size:cover;-o-background-size:cover;background-size:cover;padding: 0px 0px 0px 0px;\"><div class=\"fusion-text fusion-text-5\"><h2 style=\"color: #ffffff; margin-bottom: 10px;\"><span style=\"font-size: 24pt;\">Melden Sie sich an<\/span><\/h2>\n<p style=\"color: #ffffff; font-size: 18px;\"><span style=\"font-size: 18pt;\">und sichern Sie sich noch heute einen der begehrten Pl\u00e4tze!<\/span><\/p>\n<\/div><div class=\"fusion-clearfix\"><\/div><\/div><\/div><\/div><\/div><\/p>\n","protected":false},"excerpt":{"rendered":"","protected":false},"author":1,"featured_media":0,"parent":939,"menu_order":0,"comment_status":"closed","ping_status":"closed","template":"100-width.php","meta":{"footnotes":""},"class_list":["post-1009","page","type-page","status-publish","hentry"],"_links":{"self":[{"href":"https:\/\/www.luxusbeautyline.de\/luxusplasmaliner\/wp-json\/wp\/v2\/pages\/1009","targetHints":{"allow":["GET"]}}],"collection":[{"href":"https:\/\/www.luxusbeautyline.de\/luxusplasmaliner\/wp-json\/wp\/v2\/pages"}],"about":[{"href":"https:\/\/www.luxusbeautyline.de\/luxusplasmaliner\/wp-json\/wp\/v2\/types\/page"}],"author":[{"embeddable":true,"href":"https:\/\/www.luxusbeautyline.de\/luxusplasmaliner\/wp-json\/wp\/v2\/users\/1"}],"replies":[{"embeddable":true,"href":"https:\/\/www.luxusbeautyline.de\/luxusplasmaliner\/wp-json\/wp\/v2\/comments?post=1009"}],"version-history":[{"count":13,"href":"https:\/\/www.luxusbeautyline.de\/luxusplasmaliner\/wp-json\/wp\/v2\/pages\/1009\/revisions"}],"predecessor-version":[{"id":2864,"href":"https:\/\/www.luxusbeautyline.de\/luxusplasmaliner\/wp-json\/wp\/v2\/pages\/1009\/revisions\/2864"}],"up":[{"embeddable":true,"href":"https:\/\/www.luxusbeautyline.de\/luxusplasmaliner\/wp-json\/wp\/v2\/pages\/939"}],"wp:attachment":[{"href":"https:\/\/www.luxusbeautyline.de\/luxusplasmaliner\/wp-json\/wp\/v2\/media?parent=1009"}],"curies":[{"name":"wp","href":"https:\/\/api.w.org\/{rel}","templated":true}]}}